{"id":988687,"date":"2023-04-19T20:47:00","date_gmt":"2023-04-19T17:47:00","guid":{"rendered":"https:\/\/trabzonn.com\/?page_id=988687"},"modified":"2025-09-24T14:26:28","modified_gmt":"2025-09-24T11:26:28","slug":"biz-kimiz","status":"publish","type":"page","link":"https:\/\/trabzonn.com\/?page_id=988687","title":{"rendered":"Biz Kimiz"},"content":{"rendered":"\t\t<div data-elementor-type=\"wp-page\" data-elementor-id=\"988687\" class=\"elementor elementor-988687\" data-elementor-settings=\"[]\">\n\t\t\t\t\t\t\t<div class=\"elementor-section-wrap\">\n\t\t\t\t\t\t\t<section class=\"elementor-section elementor-top-section elementor-element elementor-element-48ae404 elementor-section-height-min-height elementor-section-items-stretch elementor-section-full_width elementor-section-height-default\" data-id=\"48ae404\" data-element_type=\"section\">\n\t\t\t\t\t\t<div class=\"elementor-container elementor-column-gap-default\">\n\t\t\t\t\t<div class=\"elementor-column elementor-col-100 elementor-top-column elementor-element elementor-element-c8f03d0\" data-id=\"c8f03d0\" data-element_type=\"column\" data-settings=\"{&quot;background_background&quot;:&quot;classic&quot;,&quot;background_motion_fx_motion_fx_scrolling&quot;:&quot;yes&quot;,&quot;background_motion_fx_scale_effect&quot;:&quot;yes&quot;,&quot;background_motion_fx_scale_speed&quot;:{&quot;unit&quot;:&quot;px&quot;,&quot;size&quot;:2,&quot;sizes&quot;:[]},&quot;background_motion_fx_scale_range&quot;:{&quot;unit&quot;:&quot;%&quot;,&quot;size&quot;:&quot;&quot;,&quot;sizes&quot;:{&quot;start&quot;:66,&quot;end&quot;:93}},&quot;background_motion_fx_devices&quot;:[&quot;desktop&quot;],&quot;background_motion_fx_scale_direction&quot;:&quot;out-in&quot;}\">\n\t\t\t<div class=\"elementor-widget-wrap elementor-element-populated\">\n\t\t\t\t\t\t\t\t<section class=\"elementor-section elementor-inner-section elementor-element elementor-element-adbf38b elementor-section-boxed elementor-section-height-default elementor-section-height-default\" data-id=\"adbf38b\" data-element_type=\"section\">\n\t\t\t\t\t\t<div class=\"elementor-container elementor-column-gap-default\">\n\t\t\t\t\t<div class=\"elementor-column elementor-col-50 elementor-inner-column elementor-element elementor-element-cf9ba69\" data-id=\"cf9ba69\" data-element_type=\"column\">\n\t\t\t<div class=\"elementor-widget-wrap elementor-element-populated\">\n\t\t\t\t\t\t\t\t<div class=\"elementor-element elementor-element-48da9f7 elementor-widget elementor-widget-heading\" data-id=\"48da9f7\" data-element_type=\"widget\" data-widget_type=\"heading.default\">\n\t\t\t\t<div class=\"elementor-widget-container\">\n\t\t\t<style>\/*! elementor - v3.5.6 - 28-02-2022 *\/\n.elementor-heading-title{padding:0;margin:0;line-height:1}.elementor-widget-heading .elementor-heading-title[class*=elementor-size-]>a{color:inherit;font-size:inherit;line-height:inherit}.elementor-widget-heading .elementor-heading-title.elementor-size-small{font-size:15px}.elementor-widget-heading .elementor-heading-title.elementor-size-medium{font-size:19px}.elementor-widget-heading .elementor-heading-title.elementor-size-large{font-size:29px}.elementor-widget-heading .elementor-heading-title.elementor-size-xl{font-size:39px}.elementor-widget-heading .elementor-heading-title.elementor-size-xxl{font-size:59px}<\/style><h2 class=\"elementor-heading-title elementor-size-default\">Biz Kimiz?<\/h2>\t\t<\/div>\n\t\t\t\t<\/div>\n\t\t\t\t\t<\/div>\n\t\t<\/div>\n\t\t\t\t<div class=\"elementor-column elementor-col-50 elementor-inner-column elementor-element elementor-element-30e7c8a\" data-id=\"30e7c8a\" data-element_type=\"column\">\n\t\t\t<div class=\"elementor-widget-wrap\">\n\t\t\t\t\t\t\t\t\t<\/div>\n\t\t<\/div>\n\t\t\t\t\t\t\t<\/div>\n\t\t<\/section>\n\t\t\t\t\t<\/div>\n\t\t<\/div>\n\t\t\t\t\t\t\t<\/div>\n\t\t<\/section>\n\t\t\t\t<section class=\"elementor-section elementor-top-section elementor-element elementor-element-4316a96 elementor-section-boxed elementor-section-height-default elementor-section-height-default\" data-id=\"4316a96\" data-element_type=\"section\">\n\t\t\t\t\t\t<div class=\"elementor-container elementor-column-gap-default\">\n\t\t\t\t\t<div class=\"elementor-column elementor-col-100 elementor-top-column elementor-element elementor-element-ac3bd70\" data-id=\"ac3bd70\" data-element_type=\"column\">\n\t\t\t<div class=\"elementor-widget-wrap elementor-element-populated\">\n\t\t\t\t\t\t\t\t<div class=\"elementor-element elementor-element-c070ba9 elementor-widget elementor-widget-spacer\" data-id=\"c070ba9\" data-element_type=\"widget\" data-widget_type=\"spacer.default\">\n\t\t\t\t<div class=\"elementor-widget-container\">\n\t\t\t<style>\/*! elementor - v3.11.3 - 07-03-2023 *\/\n.elementor-column .elementor-spacer-inner{height:var(--spacer-size)}.e-con{--container-widget-width:100%}.e-con-inner>.elementor-widget-spacer,.e-con>.elementor-widget-spacer{width:var(--container-widget-width,var(--spacer-size));--align-self:var(--container-widget-align-self,initial);--flex-shrink:0}.e-con-inner>.elementor-widget-spacer>.elementor-widget-container,.e-con-inner>.elementor-widget-spacer>.elementor-widget-container>.elementor-spacer,.e-con>.elementor-widget-spacer>.elementor-widget-container,.e-con>.elementor-widget-spacer>.elementor-widget-container>.elementor-spacer{height:100%}.e-con-inner>.elementor-widget-spacer>.elementor-widget-container>.elementor-spacer>.elementor-spacer-inner,.e-con>.elementor-widget-spacer>.elementor-widget-container>.elementor-spacer>.elementor-spacer-inner{height:var(--container-widget-height,var(--spacer-size))}<\/style>\t\t<div class=\"elementor-spacer\">\n\t\t\t<div class=\"elementor-spacer-inner\"><\/div>\n\t\t<\/div>\n\t\t\t\t<\/div>\n\t\t\t\t<\/div>\n\t\t\t\t\t<\/div>\n\t\t<\/div>\n\t\t\t\t\t\t\t<\/div>\n\t\t<\/section>\n\t\t\t\t<section class=\"elementor-section elementor-top-section elementor-element elementor-element-b0d7380 elementor-section-boxed elementor-section-height-default elementor-section-height-default\" data-id=\"b0d7380\" data-element_type=\"section\">\n\t\t\t\t\t\t<div class=\"elementor-container elementor-column-gap-default\">\n\t\t\t\t\t<div class=\"elementor-column elementor-col-66 elementor-top-column elementor-element elementor-element-f4925e6\" data-id=\"f4925e6\" data-element_type=\"column\">\n\t\t\t<div class=\"elementor-widget-wrap elementor-element-populated\">\n\t\t\t\t\t\t\t\t<div class=\"elementor-element elementor-element-08b2c21 elementor-widget elementor-widget-text-editor\" data-id=\"08b2c21\" data-element_type=\"widget\" data-widget_type=\"text-editor.default\">\n\t\t\t\t<div class=\"elementor-widget-container\">\n\t\t\t<style>\/*! elementor - v3.5.6 - 28-02-2022 *\/\n.elementor-widget-text-editor.elementor-drop-cap-view-stacked .elementor-drop-cap{background-color:#818a91;color:#fff}.elementor-widget-text-editor.elementor-drop-cap-view-framed .elementor-drop-cap{color:#818a91;border:3px solid;background-color:transparent}.elementor-widget-text-editor:not(.elementor-drop-cap-view-default) .elementor-drop-cap{margin-top:8px}.elementor-widget-text-editor:not(.elementor-drop-cap-view-default) .elementor-drop-cap-letter{width:1em;height:1em}.elementor-widget-text-editor .elementor-drop-cap{float:left;text-align:center;line-height:1;font-size:50px}.elementor-widget-text-editor .elementor-drop-cap-letter{display:inline-block}<\/style>\t\t\t\t<p style=\"text-align: left;\"><strong>TRABZON HEALTH CARE<\/strong>, sadece T\u00fcrkiye de\u011fil, d\u00fcnya \u00e7ap\u0131nda se\u00e7kin sa\u011fl\u0131k kurulu\u015flar\u0131na h\u0131zl\u0131 bir \u015fekilde ula\u015farak hastalara g\u00fcvenli ve ekonomik tedavi se\u00e7enekleri sunan uluslararas\u0131 bir sa\u011fl\u0131k turizmi ajans\u0131d\u0131r. Alan\u0131nda deneyimli <strong>TRABZON HEALTH CARE<\/strong> Ekibi, ekonomik ve kaliteli sa\u011fl\u0131k hizmeti almak isteyen hastalar i\u00e7in uluslararas\u0131 \u00e7\u00f6z\u00fcmlere ula\u015fmay\u0131 hedefleyerek de\u011ferli sa\u011fl\u0131k sa\u011flay\u0131c\u0131lar\u0131 ile g\u00fc\u00e7lerini birle\u015ftirmi\u015ftir. D\u00fcnya \u00e7ap\u0131ndaki nitelikli terc\u00fcman a\u011f\u0131m\u0131z sayesinde <strong>TRABZON HEALTH CARE<\/strong>, hastalar\u0131n ihtiya\u00e7 ve isteklerini en iyi \u015fekilde analiz ederek ileti\u015fimi y\u00fcksek kalitede y\u00f6netmektedir.<\/p><p>\u00a0<\/p><p>Misyonumuz, d\u00fcnyan\u0131n se\u00e7kin sa\u011fl\u0131k kurulu\u015flar\u0131n\u0131n \u00e7e\u015fitli nitelikli \u00f6zelliklerini ve hastalara nas\u0131l fayda sa\u011flad\u0131klar\u0131n\u0131 sunmak, kaliteli sa\u011fl\u0131k personelini tan\u0131tmak, tedaviye uygun hastalar\u0131n nitelikli ko\u015fullarda t\u0131p merkezleri ile bulu\u015fmas\u0131na yard\u0131mc\u0131 olmakt\u0131r.<\/p><p>T\u00fcrkiye\u2019de tedavi g\u00f6rmeye karar vermi\u015f hastalara akredite hastane ve kliniklerde tedavi \u00e7\u00f6z\u00fcmleri sunmaktad\u0131r.<\/p><p>\u00a0<\/p><p><b>TRABZON HEALTH CARE<\/b>, T\u00fcrkiye&#8217;deki tedavi s\u00fcrecinizde ve sonraki a\u015famalarda sizi desteklemeye haz\u0131rd\u0131r.<\/p><p><b>\u00a0<\/b><\/p><p><strong>TRABZON HEALTH CARE,<\/strong> hastalara bir\u00e7ok dilde hizmet veren vermektedir.<\/p><p>T\u00fcrkiye&#8217;ye gelen hastalar\u0131n resmi devlet g\u00fcvencesi alt\u0131nda olmas\u0131 i\u00e7in \u00e7\u0131kar\u0131lan yasa gere\u011fi, T\u00fcrkiye Cumhuriyeti Sa\u011fl\u0131k Bakanl\u0131\u011f\u0131 taraf\u0131ndan verilen \u2026\u2026..sertifikal\u0131 Medikal Turizm Yetki Belgesine sahip arac\u0131 kurulu\u015ftur.<\/p>\t\t\t\t\t\t<\/div>\n\t\t\t\t<\/div>\n\t\t\t\t\t<\/div>\n\t\t<\/div>\n\t\t\t\t<div class=\"elementor-column elementor-col-33 elementor-top-column elementor-element elementor-element-76abf0f\" data-id=\"76abf0f\" data-element_type=\"column\">\n\t\t\t<div class=\"elementor-widget-wrap elementor-element-populated\">\n\t\t\t\t\t\t\t\t<div class=\"elementor-element elementor-element-a0b770e elementor-widget elementor-widget-image\" data-id=\"a0b770e\" data-element_type=\"widget\" data-widget_type=\"image.default\">\n\t\t\t\t<div class=\"elementor-widget-container\">\n\t\t\t<style>\/*! elementor - v3.5.6 - 28-02-2022 *\/\n.elementor-widget-image{text-align:center}.elementor-widget-image a{display:inline-block}.elementor-widget-image a img[src$=\".svg\"]{width:48px}.elementor-widget-image img{vertical-align:middle;display:inline-block}<\/style>\t\t\t\t\t\t\t\t\t\t\t\t<img loading=\"lazy\" decoding=\"async\" width=\"378\" height=\"484\" src=\"https:\/\/trabzonn.com\/wp-content\/uploads\/2023\/05\/trabzonnn.jpg\" class=\"attachment-full size-full\" alt=\"\" srcset=\"https:\/\/trabzonn.com\/wp-content\/uploads\/2023\/05\/trabzonnn.jpg 378w, https:\/\/trabzonn.com\/wp-content\/uploads\/2023\/05\/trabzonnn-234x300.jpg 234w\" sizes=\"auto, (max-width: 378px) 100vw, 378px\" \/>\t\t\t\t\t\t\t\t\t\t\t\t\t\t\t<\/div>\n\t\t\t\t<\/div>\n\t\t\t\t\t<\/div>\n\t\t<\/div>\n\t\t\t\t\t\t\t<\/div>\n\t\t<\/section>\n\t\t\t\t<section class=\"elementor-section elementor-top-section elementor-element elementor-element-c2f78b9 elementor-section-boxed elementor-section-height-default elementor-section-height-default\" data-id=\"c2f78b9\" data-element_type=\"section\">\n\t\t\t\t\t\t<div class=\"elementor-container elementor-column-gap-default\">\n\t\t\t\t\t<div class=\"elementor-column elementor-col-50 elementor-top-column elementor-element elementor-element-f0bbd57\" data-id=\"f0bbd57\" data-element_type=\"column\">\n\t\t\t<div class=\"elementor-widget-wrap elementor-element-populated\">\n\t\t\t\t\t\t\t\t<div class=\"elementor-element elementor-element-070566f elementor-widget elementor-widget-text-editor\" data-id=\"070566f\" data-element_type=\"widget\" data-widget_type=\"text-editor.default\">\n\t\t\t\t<div class=\"elementor-widget-container\">\n\t\t\t\t\t\t\t<p><b>\u00a0<\/b><\/p><p><b>Misyonumuz:<\/b><\/p><p>G\u00fcvenilir Sa\u011fl\u0131k Hizmeti Sa\u011flamak, Hayat Kurtarmak.\u00a0<\/p><p>\u00a0<\/p><p><b>\u00a0<\/b><\/p><p><b>Vizyonumuz:<\/b><\/p><p>T\u00fcm engelleri a\u015farak etkili sa\u011fl\u0131k \u00e7\u00f6z\u00fcmleri sunmak<\/p><p><b>\u00a0<\/b><\/p><p><b>De\u011ferlerimiz:<\/b><\/p><p>\u00a0<\/p><p>D\u00fcr\u00fcstl\u00fck, Sadakat, Sayg\u0131 ve Mesleki Deneyim<\/p><div>\u00a0<\/div><p>\u00a0<\/p>\t\t\t\t\t\t<\/div>\n\t\t\t\t<\/div>\n\t\t\t\t\t<\/div>\n\t\t<\/div>\n\t\t\t\t<div class=\"elementor-column elementor-col-50 elementor-top-column elementor-element elementor-element-a851cf3\" data-id=\"a851cf3\" data-element_type=\"column\">\n\t\t\t<div class=\"elementor-widget-wrap\">\n\t\t\t\t\t\t\t\t\t<\/div>\n\t\t<\/div>\n\t\t\t\t\t\t\t<\/div>\n\t\t<\/section>\n\t\t\t\t<section class=\"elementor-section elementor-top-section elementor-element elementor-element-8f744cd elementor-section-boxed elementor-section-height-default elementor-section-height-default\" data-id=\"8f744cd\" data-element_type=\"section\">\n\t\t\t\t\t\t<div class=\"elementor-container elementor-column-gap-default\">\n\t\t\t\t\t<div class=\"elementor-column elementor-col-100 elementor-top-column elementor-element elementor-element-c8b3aa8\" data-id=\"c8b3aa8\" data-element_type=\"column\" data-settings=\"{&quot;background_background&quot;:&quot;gradient&quot;}\">\n\t\t\t<div class=\"elementor-widget-wrap elementor-element-populated\">\n\t\t\t\t\t\t\t\t<div class=\"elementor-element elementor-element-f640d1c elementor-widget elementor-widget-image-carousel\" data-id=\"f640d1c\" data-element_type=\"widget\" data-settings=\"{&quot;slides_to_show&quot;:&quot;4&quot;,&quot;navigation&quot;:&quot;none&quot;,&quot;autoplay&quot;:&quot;yes&quot;,&quot;pause_on_hover&quot;:&quot;yes&quot;,&quot;pause_on_interaction&quot;:&quot;yes&quot;,&quot;autoplay_speed&quot;:5000,&quot;infinite&quot;:&quot;yes&quot;,&quot;speed&quot;:500}\" data-widget_type=\"image-carousel.default\">\n\t\t\t\t<div class=\"elementor-widget-container\">\n\t\t\t<style>\/*! elementor - v3.5.6 - 28-02-2022 *\/\n.elementor-widget-image-carousel .swiper-container{position:static}.elementor-widget-image-carousel .swiper-container .swiper-slide figure{line-height:inherit}.elementor-widget-image-carousel .swiper-slide{text-align:center}.elementor-image-carousel-wrapper:not(.swiper-container-initialized) .swiper-slide{max-width:calc(100% \/ var(--e-image-carousel-slides-to-show, 3))}<\/style>\t\t<div class=\"elementor-image-carousel-wrapper swiper-container\" dir=\"ltr\">\n\t\t\t<div class=\"elementor-image-carousel swiper-wrapper\">\n\t\t\t\t\t\t\t\t<div class=\"swiper-slide\"><figure class=\"swiper-slide-inner\"><img decoding=\"async\" loading=\"lazy\" class=\"swiper-slide-image\" src=\"https:\/\/trabzonn.com\/wp-content\/uploads\/2023\/04\/medicana-og-image-150x150.png\" alt=\"medicana-og-image\" \/><\/figure><\/div><div class=\"swiper-slide\"><figure class=\"swiper-slide-inner\"><img decoding=\"async\" loading=\"lazy\" class=\"swiper-slide-image\" src=\"https:\/\/trabzonn.com\/wp-content\/uploads\/2023\/04\/186_medicalpark-150x150.jpg\" alt=\"186_medicalpark\" \/><\/figure><\/div><div class=\"swiper-slide\"><figure class=\"swiper-slide-inner\"><img decoding=\"async\" loading=\"lazy\" class=\"swiper-slide-image\" src=\"https:\/\/trabzonn.com\/wp-content\/uploads\/2023\/04\/Adsiz-tasarim-3-1-150x150.png\" alt=\"Ads\u0131z tasar\u0131m (3) (1)\" \/><\/figure><\/div><div class=\"swiper-slide\"><figure class=\"swiper-slide-inner\"><img decoding=\"async\" loading=\"lazy\" class=\"swiper-slide-image\" src=\"https:\/\/trabzonn.com\/wp-content\/uploads\/2023\/04\/Adsiz-tasarim-4-1-150x150.png\" alt=\"Ads\u0131z tasar\u0131m (4) (1)\" \/><\/figure><\/div><div class=\"swiper-slide\"><figure class=\"swiper-slide-inner\"><img decoding=\"async\" loading=\"lazy\" class=\"swiper-slide-image\" src=\"https:\/\/trabzonn.com\/wp-content\/uploads\/2023\/04\/Adsiz-tasarim-5-1-150x150.png\" alt=\"Ads\u0131z tasar\u0131m (5) (1)\" \/><\/figure><\/div>\t\t\t<\/div>\n\t\t\t\t\t\t\t\t\t\t\t\t\t\t\t\t<\/div>\n\t\t\t\t<\/div>\n\t\t\t\t<\/div>\n\t\t\t\t\t<\/div>\n\t\t<\/div>\n\t\t\t\t\t\t\t<\/div>\n\t\t<\/section>\n\t\t\t\t<section class=\"elementor-section elementor-top-section elementor-element elementor-element-d58516a elementor-section-boxed elementor-section-height-default elementor-section-height-default\" data-id=\"d58516a\" data-element_type=\"section\">\n\t\t\t\t\t\t<div class=\"elementor-container elementor-column-gap-default\">\n\t\t\t\t\t<div class=\"elementor-column elementor-col-100 elementor-top-column elementor-element elementor-element-c0465a6\" data-id=\"c0465a6\" data-element_type=\"column\">\n\t\t\t<div class=\"elementor-widget-wrap elementor-element-populated\">\n\t\t\t\t\t\t\t\t<div class=\"elementor-element elementor-element-e9f21b7 elementor-widget elementor-widget-image\" data-id=\"e9f21b7\" data-element_type=\"widget\" data-widget_type=\"image.default\">\n\t\t\t\t<div class=\"elementor-widget-container\">\n\t\t\t\t\t\t\t\t\t\t\t\t\t\t\t<img loading=\"lazy\" decoding=\"async\" width=\"1600\" height=\"600\" src=\"https:\/\/trabzonn.com\/wp-content\/uploads\/2023\/05\/zummo.jpg\" class=\"attachment-full size-full\" alt=\"\" srcset=\"https:\/\/trabzonn.com\/wp-content\/uploads\/2023\/05\/zummo.jpg 1600w, https:\/\/trabzonn.com\/wp-content\/uploads\/2023\/05\/zummo-300x113.jpg 300w, https:\/\/trabzonn.com\/wp-content\/uploads\/2023\/05\/zummo-1024x384.jpg 1024w, https:\/\/trabzonn.com\/wp-content\/uploads\/2023\/05\/zummo-768x288.jpg 768w, https:\/\/trabzonn.com\/wp-content\/uploads\/2023\/05\/zummo-1536x576.jpg 1536w\" sizes=\"auto, (max-width: 1600px) 100vw, 1600px\" \/>\t\t\t\t\t\t\t\t\t\t\t\t\t\t\t<\/div>\n\t\t\t\t<\/div>\n\t\t\t\t\t<\/div>\n\t\t<\/div>\n\t\t\t\t\t\t\t<\/div>\n\t\t<\/section>\n\t\t\t\t\t\t<\/div>\n\t\t\t\t\t<\/div>\n\t\t","protected":false},"excerpt":{"rendered":"<p>Biz Kimiz? TRABZON HEALTH CARE, sadece T\u00fcrkiye de\u011fil, d\u00fcnya \u00e7ap\u0131nda se\u00e7kin sa\u011fl\u0131k kurulu\u015flar\u0131na h\u0131zl\u0131 bir \u015fekilde ula\u015farak hastalara g\u00fcvenli ve ekonomik tedavi se\u00e7enekleri sunan uluslararas\u0131 bir sa\u011fl\u0131k turizmi ajans\u0131d\u0131r. Alan\u0131nda deneyimli TRABZON HEALTH CARE Ekibi, ekonomik ve kaliteli sa\u011fl\u0131k hizmeti almak isteyen hastalar i\u00e7in uluslararas\u0131 \u00e7\u00f6z\u00fcmlere ula\u015fmay\u0131 hedefleyerek de\u011ferli sa\u011fl\u0131k sa\u011flay\u0131c\u0131lar\u0131 ile g\u00fc\u00e7lerini birle\u015ftirmi\u015ftir. D\u00fcnya&#8230;<\/p>\n","protected":false},"author":1,"featured_media":0,"parent":0,"menu_order":0,"comment_status":"closed","ping_status":"closed","template":"","meta":{"_joinchat":[],"footnotes":""},"class_list":["post-988687","page","type-page","status-publish","hentry"],"_links":{"self":[{"href":"https:\/\/trabzonn.com\/index.php?rest_route=\/wp\/v2\/pages\/988687","targetHints":{"allow":["GET"]}}],"collection":[{"href":"https:\/\/trabzonn.com\/index.php?rest_route=\/wp\/v2\/pages"}],"about":[{"href":"https:\/\/trabzonn.com\/index.php?rest_route=\/wp\/v2\/types\/page"}],"author":[{"embeddable":true,"href":"https:\/\/trabzonn.com\/index.php?rest_route=\/wp\/v2\/users\/1"}],"replies":[{"embeddable":true,"href":"https:\/\/trabzonn.com\/index.php?rest_route=%2Fwp%2Fv2%2Fcomments&post=988687"}],"version-history":[{"count":108,"href":"https:\/\/trabzonn.com\/index.php?rest_route=\/wp\/v2\/pages\/988687\/revisions"}],"predecessor-version":[{"id":991890,"href":"https:\/\/trabzonn.com\/index.php?rest_route=\/wp\/v2\/pages\/988687\/revisions\/991890"}],"wp:attachment":[{"href":"https:\/\/trabzonn.com\/index.php?rest_route=%2Fwp%2Fv2%2Fmedia&parent=988687"}],"curies":[{"name":"wp","href":"https:\/\/api.w.org\/{rel}","templated":true}]}}